{"id":10,"date":"2019-07-31T17:12:41","date_gmt":"2019-07-31T17:12:41","guid":{"rendered":"http:\/\/www.waldorf-pb.cz\/?page_id=10"},"modified":"2026-02-10T15:55:08","modified_gmt":"2026-02-10T15:55:08","slug":"materska-skola","status":"publish","type":"page","link":"https:\/\/waldorf.pb.cz\/?page_id=10","title":{"rendered":"Mate\u0159sk\u00e1 \u0161kola"},"content":{"rendered":"\n<p class=\"has-text-align-left\"><strong>\u201eD\u011bti jsou omlazuj\u00edc\u00edm pramenem ka\u017ed\u00e9ho lidsk\u00e9ho spole\u010denstv\u00ed. Ony jsou silou, kter\u00e1 neust\u00e1le obnovuje tento sv\u011bt. Nic men\u0161\u00edho.&#8220;<\/strong><\/p>\n\n\n\n<p class=\"has-text-align-right\"><em>(z&nbsp;knihy V\u00fdchova za\u010d\u00edn\u00e1 vztahem, Daniel Wirz)<\/em><\/p>\n\n\n\n<h2 class=\"wp-block-heading\"><br><span style=\"color:#e08433\" class=\"tadv-color\">NA\u0160E MATE\u0158SK\u00c1 \u0160KOLA <\/span><\/h2>\n\n\n\n<p>Na\u0161e mate\u0159sk\u00e1 \u0161kola je sou\u010d\u00e1st\u00ed Waldorfsk\u00e9 \u0161koly P\u0159\u00edbram. Spolupracujeme se Spole\u010dnost\u00ed waldorfsk\u00e9 \u0161koly P\u0159\u00edbram, z. s. Pracujeme pod z\u00e1\u0161titou Asociace waldorfsk\u00fdch mate\u0159sk\u00fdch \u0161kol \u010cR. Od z\u00e1\u0159\u00ed 2019 n\u00e1m byl p\u0159id\u011blen statut waldorfsk\u00e1 mate\u0159sk\u00e1 \u0161kola. Najdete n\u00e1s v&nbsp;klidn\u00e9 \u010d\u00e1sti m\u011bsta v&nbsp;bl\u00edzkosti z\u00e1kladn\u00edho stupn\u011b waldorfsk\u00e9 \u0161koly. Historick\u00e1 budova, v&nbsp;n\u00ed\u017e se \u0161kolka nach\u00e1z\u00ed, stoj\u00ed na \u00fapat\u00ed Svat\u00e9 Hory. Jej\u00ed sou\u010d\u00e1st\u00ed je \u0161koln\u00ed zahrada s&nbsp;h\u0159i\u0161t\u011bm. Program waldorfsk\u00e9 \u0161koly vych\u00e1z\u00ed z&nbsp;antroposofick\u00fdch poznatk\u016f o&nbsp;\u010dlov\u011bku a&nbsp;p\u0159\u00edrod\u011b. Pro d\u011bti je utv\u00e1\u0159eno klidn\u00e9 a&nbsp;bezpe\u010dn\u00e9 prost\u0159ed\u00ed, v&nbsp;n\u011bm\u017e se mohou p\u0159irozen\u011b rozv\u00edjet. \u00dakolem v\u00fdchovy ve smyslu waldorfsk\u00e9 pedagogiky je p\u0159ipravovat podm\u00ednky k&nbsp;tomu, aby postupn\u00e9 probouzen\u00ed nov\u00fdch bytostn\u00fdch \u010dl\u00e1nk\u016f mohlo do obdob\u00ed dosp\u011blosti optim\u00e1ln\u011b prob\u00edhat. Pr\u00e1ce s&nbsp;d\u011btmi je zam\u011b\u0159ena na probouzen\u00ed vlastn\u00edho \u017eiv\u00e9ho my\u0161len\u00ed, \u0161irok\u00e9ho souc\u00edt\u011bn\u00ed, v\u016fle vedouc\u00ed k&nbsp;zodpov\u011bdnosti a&nbsp;vlastn\u00ed tv\u016fr\u010d\u00ed realizaci.<\/p>\n\n\n\n<h2 class=\"wp-block-heading\"><br><span style=\"color:#e08433\" class=\"tadv-color\">T\u0158\u00cdDY A&nbsp;JEJICH VYBAVEN\u00cd <\/span><\/h2>\n\n\n\n<p>Celkov\u00e1 kapacita \u0161kolky je 36 d\u011bt\u00ed, kter\u00e9 jsou um\u00edst\u011bny ve dvou heterogenn\u00edch t\u0159\u00edd\u00e1ch. Ve t\u0159\u00edd\u011b Sedmikr\u00e1ska (25 d\u011bt\u00ed) pracuj\u00ed t\u0159i u\u010ditelky a&nbsp;ve t\u0159\u00edd\u011b Mate\u0159\u00eddou\u0161ka jedna (11 d\u011bt\u00ed). D\u011bti si hraj\u00ed s&nbsp;ru\u010dn\u011b u\u0161it\u00fdmi panenkami a&nbsp;zv\u00ed\u0159\u00e1tky, bavln\u011bn\u00fdmi a&nbsp;hedv\u00e1bn\u00fdmi \u0161\u00e1tky, s&nbsp;d\u0159ev\u011bn\u00fdmi hrady a&nbsp;kostkami a&nbsp;jin\u00fdmi ru\u010dn\u011b opracovan\u00fdmi hra\u010dkami z&nbsp;p\u0159\u00edrodn\u00edch materi\u00e1l\u016f. Hra\u010dky jsou do jist\u00e9 m\u00edry nedokonal\u00e9, aby podn\u011bcovaly p\u0159irozenou d\u011btskou tvo\u0159ivost a&nbsp;fantazii. P\u0159i v\u00fdtvarn\u00fdch \u010dinnostech pou\u017e\u00edv\u00e1me kvalitn\u00ed akvarelov\u00e9 barvy, velk\u00e9 voskov\u00e9 blo\u010dky a&nbsp;trojhrann\u00e9 pastelky. Modelujeme z&nbsp;barven\u00e9ho v\u010del\u00edho vosku a&nbsp;z&nbsp;t\u011bsta, pracujeme s&nbsp;ov\u010d\u00edm rounem, s&nbsp;p\u0159\u00edz\u00ed.<\/p>\n\n\n\n<h2 class=\"wp-block-heading\"><br><span style=\"color:#e08433\" class=\"tadv-color\">P\u0158\u00cdRODA A&nbsp;MY <\/span><\/h2>\n\n\n\n<p>Tr\u00e1v\u00edme s&nbsp;d\u011btmi hodn\u011b \u010dasu v&nbsp;p\u0159\u00edrod\u011b, kter\u00e1 jim d\u00e1v\u00e1 velk\u00e9 mno\u017estv\u00ed smyslov\u00fdch podn\u011bt\u016f. Zde maj\u00ed mo\u017enost experimentovat, objevovat a&nbsp;tvo\u0159it.<br>Pobyt a&nbsp;voln\u00e1 hra v&nbsp;p\u0159\u00edrod\u011b jsou ide\u00e1ln\u00edmi podm\u00ednkami pro rozvoj pohybov\u00fdch dovednost\u00ed. M\u00e1-li se d\u00edt\u011b u\u010dit porozum\u011bt sv\u011btu a&nbsp;sob\u011b, je podstatn\u00e9, aby si vytvo\u0159ilo vztah ke sv\u00e9mu nejbli\u017e\u0161\u00edmu okol\u00ed. I&nbsp;proto s&nbsp;d\u011btmi podnik\u00e1me p\u011b\u0161\u00ed v\u00fdlety okolo Svat\u00e9 Hory. B\u011bhem \u0161koln\u00edho roku organizuj\u00ed n\u011bkter\u00e9 spole\u010dn\u00e9 v\u00fdlety i&nbsp;rodi\u010de. <\/p>\n\n\n\n<h2 class=\"wp-block-heading\"><br><span style=\"color:#e08433\" class=\"tadv-color\">\u010c\u00cdM SE ZAB\u00ddV\u00c1ME <\/span><\/h2>\n\n\n\n<p>Pravideln\u00e9 opakov\u00e1n\u00ed a&nbsp;rytmus dne, t\u00fddne i&nbsp;cel\u00e9ho roku d\u00e1v\u00e1 d\u011btem pocit jistoty a&nbsp;bezpe\u010d\u00ed. V\u0161e plyne ve st\u0159\u00edd\u00e1n\u00ed n\u00e1dechu a&nbsp;v\u00fddechu, jednotliv\u00e9 \u010dinnosti na sebe navazuj\u00ed a&nbsp;propojuj\u00ed se. Ka\u017ed\u00fd den v&nbsp;t\u00fddnu m\u00e1 svou specifickou aktivitu: kreslen\u00ed, malov\u00e1n\u00ed, modelov\u00e1n\u00ed, ru\u010dn\u00ed pr\u00e1ce, eurytmii, v\u00fdlety. Pro d\u011bti je d\u016fle\u017eit\u00fd nejen pohyb, ale t\u00e9\u017e ka\u017edodenn\u00ed voln\u00e1 hra. V\u011bnujeme se p\u00e9\u010di o&nbsp;mate\u0159sk\u00fd jazyk, rozvoji komunika\u010dn\u00edch dovednost\u00ed. V&nbsp;na\u0161\u00ed \u0161kolce d\u011btem poh\u00e1dky vypr\u00e1v\u00edme, \u010dteme a&nbsp;hrajeme jako loutkov\u00e9 divadlo, aby co nejv\u00edce p\u0159ich\u00e1zely do styku s&nbsp;\u017eivou \u0159e\u010d\u00ed. Ta podporuje mimo jin\u00e9 obrazov\u00e9 my\u0161len\u00ed, kter\u00e9 je typick\u00e9 pro p\u0159ed\u0161koln\u00ed v\u011bk. D\u011bti s&nbsp;rodi\u010di pro\u017e\u00edvaj\u00ed rok v&nbsp;pravideln\u011b se opakuj\u00edc\u00edch obdob\u00edch a&nbsp;slavnostech.<\/p>\n","protected":false},"excerpt":{"rendered":"<p>\u201eD\u011bti jsou omlazuj\u00edc\u00edm pramenem ka\u017ed\u00e9ho lidsk\u00e9ho spole\u010denstv\u00ed. Ony jsou silou, kter\u00e1 neust\u00e1le obnovuje tento sv\u011bt. Nic men\u0161\u00edho.&#8220; (z&nbsp;knihy V\u00fdchova za\u010d\u00edn\u00e1 vztahem, Daniel Wirz) NA\u0160E MATE\u0158SK\u00c1 \u0160KOLA Na\u0161e mate\u0159sk\u00e1 \u0161kola je sou\u010d\u00e1st\u00ed Waldorfsk\u00e9 \u0161koly P\u0159\u00edbram. Spolupracujeme se Spole\u010dnost\u00ed waldorfsk\u00e9 \u0161koly P\u0159\u00edbram, z. s. Pracujeme pod z\u00e1\u0161titou Asociace waldorfsk\u00fdch mate\u0159sk\u00fdch \u0161kol \u010cR. Od z\u00e1\u0159\u00ed 2019 n\u00e1m byl &hellip; <a href=\"https:\/\/waldorf.pb.cz\/?page_id=10\">Continue reading <span class=\"meta-nav\">&rarr;<\/span><\/a><\/p>\n","protected":false},"author":1,"featured_media":0,"parent":437,"menu_order":8,"comment_status":"closed","ping_status":"closed","template":"template-full-width.php","meta":{"footnotes":""},"class_list":["post-10","page","type-page","status-publish","hentry"],"_links":{"self":[{"href":"https:\/\/waldorf.pb.cz\/index.php?rest_route=\/wp\/v2\/pages\/10","targetHints":{"allow":["GET"]}}],"collection":[{"href":"https:\/\/waldorf.pb.cz\/index.php?rest_route=\/wp\/v2\/pages"}],"about":[{"href":"https:\/\/waldorf.pb.cz\/index.php?rest_route=\/wp\/v2\/types\/page"}],"author":[{"embeddable":true,"href":"https:\/\/waldorf.pb.cz\/index.php?rest_route=\/wp\/v2\/users\/1"}],"replies":[{"embeddable":true,"href":"https:\/\/waldorf.pb.cz\/index.php?rest_route=%2Fwp%2Fv2%2Fcomments&post=10"}],"version-history":[{"count":17,"href":"https:\/\/waldorf.pb.cz\/index.php?rest_route=\/wp\/v2\/pages\/10\/revisions"}],"predecessor-version":[{"id":5819,"href":"https:\/\/waldorf.pb.cz\/index.php?rest_route=\/wp\/v2\/pages\/10\/revisions\/5819"}],"up":[{"embeddable":true,"href":"https:\/\/waldorf.pb.cz\/index.php?rest_route=\/wp\/v2\/pages\/437"}],"wp:attachment":[{"href":"https:\/\/waldorf.pb.cz\/index.php?rest_route=%2Fwp%2Fv2%2Fmedia&parent=10"}],"curies":[{"name":"wp","href":"https:\/\/api.w.org\/{rel}","templated":true}]}}